{"id":83,"date":"2026-01-31T10:53:22","date_gmt":"2026-01-31T10:53:22","guid":{"rendered":"https:\/\/baroc.cat\/?page_id=83"},"modified":"2026-01-31T10:53:22","modified_gmt":"2026-01-31T10:53:22","slug":"avis-legal","status":"publish","type":"page","link":"https:\/\/baroc.cat\/?page_id=83","title":{"rendered":"AV\u00cdS LEGAL"},"content":{"rendered":"\t\t<div data-elementor-type=\"wp-page\" data-elementor-id=\"83\" class=\"elementor elementor-83\">\n\t\t\t\t<div class=\"elementor-element elementor-element-76c439e e-flex e-con-boxed e-con e-parent\" data-id=\"76c439e\" data-element_type=\"container\">\n\t\t\t\t\t<div class=\"e-con-inner\">\n\t\t\t\t<div class=\"elementor-element elementor-element-1861c10 elementor-widget elementor-widget-text-editor\" data-id=\"1861c10\" data-element_type=\"widget\" data-widget_type=\"text-editor.default\">\n\t\t\t\t\t\t\t\t\t<p data-start=\"436\" data-end=\"589\">En compliment del deure d\u2019informaci\u00f3 establert a la Llei 34\/2002 de serveis de la societat de la informaci\u00f3 i comer\u00e7 electr\u00f2nic (LSSI-CE), s\u2019informa que:<\/p><p data-start=\"591\" data-end=\"719\">Titular: <b>SERSAN BAROC SL<\/b><br data-start=\"613\" data-end=\"616\" \/>NIF: <strong data-start=\"621\" data-end=\"634\">B25887340<\/strong><br data-start=\"634\" data-end=\"637\" \/>Domicili fiscal: <b>AVINGUDA CATALUNYA, SN. 17834 PORQUERES.<\/b><br data-start=\"676\" data-end=\"679\" \/>Email de contacte: <b>AMBULANCIA@BAROC.CAT<\/b><\/p><p data-start=\"721\" data-end=\"829\">El present lloc web t\u00e9 com a finalitat oferir informaci\u00f3 sobre els serveis sanitaris prestats per l\u2019empresa.<\/p><hr data-start=\"831\" data-end=\"834\" \/><p data-start=\"836\" data-end=\"855\"><strong data-start=\"836\" data-end=\"855\">Condicions d\u2019\u00fas<\/strong><\/p><p data-start=\"857\" data-end=\"983\">La navegaci\u00f3 per aquest lloc web atribueix la condici\u00f3 d\u2019usuari i implica l\u2019acceptaci\u00f3 plena de les condicions aqu\u00ed exposades.<\/p><p data-start=\"985\" data-end=\"1084\">L\u2019usuari es compromet a fer un \u00fas adequat del contingut i a no emprar-lo per activitats il\u00b7l\u00edcites.<\/p><hr data-start=\"1086\" data-end=\"1089\" \/><p data-start=\"1091\" data-end=\"1118\"><strong data-start=\"1091\" data-end=\"1118\">Propietat intel\u00b7lectual<\/strong><\/p><p data-start=\"1120\" data-end=\"1304\">Tots els continguts del lloc web (textos, imatges, logotips, disseny) s\u00f3n propietat de BAROC SLU o disposen de llic\u00e8ncia d\u2019\u00fas, quedant prohibida la seva reproducci\u00f3 sense autoritzaci\u00f3.<\/p><hr data-start=\"1306\" data-end=\"1309\" \/><p data-start=\"1311\" data-end=\"1330\"><strong data-start=\"1311\" data-end=\"1330\">Responsabilitat<\/strong><\/p><p data-start=\"1332\" data-end=\"1477\">BAROC SLU no es fa responsable de l\u2019\u00fas indegut de la informaci\u00f3 continguda al lloc web ni de possibles errors t\u00e8cnics o interrupcions del servei.<\/p>\t\t\t\t\t\t\t\t<\/div>\n\t\t\t\t\t<\/div>\n\t\t\t\t<\/div>\n\t\t\t\t<\/div>\n\t\t","protected":false},"excerpt":{"rendered":"<p>En compliment del deure d\u2019informaci\u00f3 establert a la Llei 34\/2002 de serveis de la societat de la informaci\u00f3 i comer\u00e7 [&hellip;]<\/p>\n","protected":false},"author":1,"featured_media":0,"parent":0,"menu_order":0,"comment_status":"closed","ping_status":"closed","template":"","meta":{"site-sidebar-layout":"no-sidebar","site-content-layout":"","ast-site-content-layout":"full-width-container","site-content-style":"default","site-sidebar-style":"default","ast-global-header-display":"","ast-banner-title-visibility":"","ast-main-header-display":"","ast-hfb-above-header-display":"","ast-hfb-below-header-display":"","ast-hfb-mobile-header-display":"","site-post-title":"","ast-breadcrumbs-content":"","ast-featured-img":"disabled","footer-sml-layout":"","ast-disable-related-posts":"","theme-transparent-header-meta":"","adv-header-id-meta":"","stick-header-meta":"","header-above-stick-meta":"","header-main-stick-meta":"","header-below-stick-meta":"","astra-migrate-meta-layouts":"default","ast-page-background-enabled":"default","ast-page-background-meta":{"desktop":{"background-color":"var(--ast-global-color-5)","background-image":"","background-repeat":"repeat","background-position":"center center","background-size":"auto","background-attachment":"scroll","background-type":"","background-media":"","overlay-type":"","overlay-color":"","overlay-opacity":"","overlay-gradient":""},"tablet":{"background-color":"","background-image":"","background-repeat":"repeat","background-position":"center center","background-size":"auto","background-attachment":"scroll","background-type":"","background-media":"","overlay-type":"","overlay-color":"","overlay-opacity":"","overlay-gradient":""},"mobile":{"background-color":"","background-image":"","background-repeat":"repeat","background-position":"center center","background-size":"auto","background-attachment":"scroll","background-type":"","background-media":"","overlay-type":"","overlay-color":"","overlay-opacity":"","overlay-gradient":""}},"ast-content-background-meta":{"desktop":{"background-color":"var(--ast-global-color-4)","background-image":"","background-repeat":"repeat","background-position":"center center","background-size":"auto","background-attachment":"scroll","background-type":"","background-media":"","overlay-type":"","overlay-color":"","overlay-opacity":"","overlay-gradient":""},"tablet":{"background-color":"var(--ast-global-color-4)","background-image":"","background-repeat":"repeat","background-position":"center center","background-size":"auto","background-attachment":"scroll","background-type":"","background-media":"","overlay-type":"","overlay-color":"","overlay-opacity":"","overlay-gradient":""},"mobile":{"background-color":"var(--ast-global-color-4)","background-image":"","background-repeat":"repeat","background-position":"center center","background-size":"auto","background-attachment":"scroll","background-type":"","background-media":"","overlay-type":"","overlay-color":"","overlay-opacity":"","overlay-gradient":""}},"footnotes":""},"class_list":["post-83","page","type-page","status-publish","hentry"],"_links":{"self":[{"href":"https:\/\/baroc.cat\/index.php?rest_route=\/wp\/v2\/pages\/83","targetHints":{"allow":["GET"]}}],"collection":[{"href":"https:\/\/baroc.cat\/index.php?rest_route=\/wp\/v2\/pages"}],"about":[{"href":"https:\/\/baroc.cat\/index.php?rest_route=\/wp\/v2\/types\/page"}],"author":[{"embeddable":true,"href":"https:\/\/baroc.cat\/index.php?rest_route=\/wp\/v2\/users\/1"}],"replies":[{"embeddable":true,"href":"https:\/\/baroc.cat\/index.php?rest_route=%2Fwp%2Fv2%2Fcomments&post=83"}],"version-history":[{"count":5,"href":"https:\/\/baroc.cat\/index.php?rest_route=\/wp\/v2\/pages\/83\/revisions"}],"predecessor-version":[{"id":98,"href":"https:\/\/baroc.cat\/index.php?rest_route=\/wp\/v2\/pages\/83\/revisions\/98"}],"wp:attachment":[{"href":"https:\/\/baroc.cat\/index.php?rest_route=%2Fwp%2Fv2%2Fmedia&parent=83"}],"curies":[{"name":"wp","href":"https:\/\/api.w.org\/{rel}","templated":true}]}}