{"id":90,"date":"2026-01-31T10:57:36","date_gmt":"2026-01-31T10:57:36","guid":{"rendered":"https:\/\/baroc.cat\/?page_id=90"},"modified":"2026-01-31T10:59:30","modified_gmt":"2026-01-31T10:59:30","slug":"politica-de-privacitat","status":"publish","type":"page","link":"https:\/\/baroc.cat\/?page_id=90","title":{"rendered":"POL\u00cdTICA DE PRIVACITAT"},"content":{"rendered":"\t\t<div data-elementor-type=\"wp-page\" data-elementor-id=\"90\" class=\"elementor elementor-90\">\n\t\t\t\t<div class=\"elementor-element elementor-element-b93abc5 e-flex e-con-boxed e-con e-parent\" data-id=\"b93abc5\" data-element_type=\"container\">\n\t\t\t\t\t<div class=\"e-con-inner\">\n\t\t\t\t<div class=\"elementor-element elementor-element-10266d4 elementor-widget elementor-widget-text-editor\" data-id=\"10266d4\" data-element_type=\"widget\" data-widget_type=\"text-editor.default\">\n\t\t\t\t\t\t\t\t\t<p data-start=\"1570\" data-end=\"1600\"><strong data-start=\"1570\" data-end=\"1600\">Responsable del tractament<\/strong><\/p>\n<p data-start=\"1602\" data-end=\"1700\">Responsable: <b>SERSAN BAROC SL<\/b><br data-start=\"1628\" data-end=\"1631\">NIF: <strong data-start=\"1636\" data-end=\"1649\">B25887340<\/strong><br data-start=\"1649\" data-end=\"1652\">Adre\u00e7a: <b>AVINGUDA CATALUNYA, SN. 17834 PORQUERES<\/b><br data-start=\"1675\" data-end=\"1678\">Email: <b>AMBULANCIA@BAROC.CAT<\/b><\/p>\n<hr data-start=\"1702\" data-end=\"1705\">\n<p data-start=\"1707\" data-end=\"1735\"><strong data-start=\"1707\" data-end=\"1735\">Finalitat del tractament<\/strong><\/p>\n<p data-start=\"1737\" data-end=\"1836\">Les dades personals recollides a trav\u00e9s dels formularis del lloc web s\u2019utilitzen exclusivament per:<\/p>\n<ul data-start=\"1838\" data-end=\"1922\">\n<li data-start=\"1838\" data-end=\"1859\">\n<p data-start=\"1840\" data-end=\"1859\">Respondre consultes<\/p>\n<\/li>\n<li data-start=\"1860\" data-end=\"1892\">\n<p data-start=\"1862\" data-end=\"1892\">Gestionar serveis sol\u00b7licitats<\/p>\n<\/li>\n<li data-start=\"1893\" data-end=\"1922\">\n<p data-start=\"1895\" data-end=\"1922\">Comunicacions professionals<\/p>\n<\/li>\n<\/ul>\n<p data-start=\"1924\" data-end=\"1993\">No es realitzen cessions de dades a tercers, excepte obligaci\u00f3 legal.<\/p>\n<hr data-start=\"1995\" data-end=\"1998\">\n<p data-start=\"2000\" data-end=\"2015\"><strong data-start=\"2000\" data-end=\"2015\">Legitimaci\u00f3<\/strong><\/p>\n<p data-start=\"2017\" data-end=\"2097\">La base legal \u00e9s el consentiment de l\u2019usuari en enviar el formulari de contacte.<\/p>\n<hr data-start=\"2099\" data-end=\"2102\">\n<p data-start=\"2104\" data-end=\"2128\"><strong data-start=\"2104\" data-end=\"2128\">Conservaci\u00f3 de dades<\/strong><\/p>\n<p data-start=\"2130\" data-end=\"2230\">Les dades es conservaran el temps necessari per complir la finalitat per la qual van ser recollides.<\/p>\n<hr data-start=\"2232\" data-end=\"2235\">\n<p data-start=\"2237\" data-end=\"2258\"><strong data-start=\"2237\" data-end=\"2258\">Drets de l\u2019usuari<\/strong><\/p>\n<p data-start=\"2260\" data-end=\"2355\">L\u2019usuari pot exercir els drets d\u2019acc\u00e9s, rectificaci\u00f3, supressi\u00f3 i oposici\u00f3 enviant un correu a:<\/p>\n<p data-start=\"2357\" data-end=\"2379\">AMBULANCIA@BAROC.CAT<\/p>\n<hr data-start=\"2381\" data-end=\"2384\">\n<p data-start=\"2386\" data-end=\"2399\"><strong data-start=\"2386\" data-end=\"2399\">Seguretat<\/strong><\/p>\n<p data-start=\"2401\" data-end=\"2498\">BAROC SLU aplica mesures t\u00e8cniques i organitzatives per garantir la protecci\u00f3 de dades personals.<\/p>\t\t\t\t\t\t\t\t<\/div>\n\t\t\t\t\t<\/div>\n\t\t\t\t<\/div>\n\t\t\t\t<\/div>\n\t\t","protected":false},"excerpt":{"rendered":"<p>Responsable del tractament Responsable: SERSAN BAROC SLNIF: B25887340Adre\u00e7a: AVINGUDA CATALUNYA, SN. 17834 PORQUERESEmail: AMBULANCIA@BAROC.CAT Finalitat del tractament Les dades personals [&hellip;]<\/p>\n","protected":false},"author":1,"featured_media":0,"parent":0,"menu_order":0,"comment_status":"closed","ping_status":"closed","template":"","meta":{"site-sidebar-layout":"no-sidebar","site-content-layout":"","ast-site-content-layout":"full-width-container","site-content-style":"default","site-sidebar-style":"default","ast-global-header-display":"","ast-banner-title-visibility":"","ast-main-header-display":"","ast-hfb-above-header-display":"","ast-hfb-below-header-display":"","ast-hfb-mobile-header-display":"","site-post-title":"","ast-breadcrumbs-content":"","ast-featured-img":"disabled","footer-sml-layout":"","ast-disable-related-posts":"","theme-transparent-header-meta":"","adv-header-id-meta":"","stick-header-meta":"","header-above-stick-meta":"","header-main-stick-meta":"","header-below-stick-meta":"","astra-migrate-meta-layouts":"default","ast-page-background-enabled":"default","ast-page-background-meta":{"desktop":{"background-color":"var(--ast-global-color-5)","background-image":"","background-repeat":"repeat","background-position":"center center","background-size":"auto","background-attachment":"scroll","background-type":"","background-media":"","overlay-type":"","overlay-color":"","overlay-opacity":"","overlay-gradient":""},"tablet":{"background-color":"","background-image":"","background-repeat":"repeat","background-position":"center center","background-size":"auto","background-attachment":"scroll","background-type":"","background-media":"","overlay-type":"","overlay-color":"","overlay-opacity":"","overlay-gradient":""},"mobile":{"background-color":"","background-image":"","background-repeat":"repeat","background-position":"center center","background-size":"auto","background-attachment":"scroll","background-type":"","background-media":"","overlay-type":"","overlay-color":"","overlay-opacity":"","overlay-gradient":""}},"ast-content-background-meta":{"desktop":{"background-color":"var(--ast-global-color-4)","background-image":"","background-repeat":"repeat","background-position":"center center","background-size":"auto","background-attachment":"scroll","background-type":"","background-media":"","overlay-type":"","overlay-color":"","overlay-opacity":"","overlay-gradient":""},"tablet":{"background-color":"var(--ast-global-color-4)","background-image":"","background-repeat":"repeat","background-position":"center center","background-size":"auto","background-attachment":"scroll","background-type":"","background-media":"","overlay-type":"","overlay-color":"","overlay-opacity":"","overlay-gradient":""},"mobile":{"background-color":"var(--ast-global-color-4)","background-image":"","background-repeat":"repeat","background-position":"center center","background-size":"auto","background-attachment":"scroll","background-type":"","background-media":"","overlay-type":"","overlay-color":"","overlay-opacity":"","overlay-gradient":""}},"footnotes":""},"class_list":["post-90","page","type-page","status-publish","hentry"],"_links":{"self":[{"href":"https:\/\/baroc.cat\/index.php?rest_route=\/wp\/v2\/pages\/90","targetHints":{"allow":["GET"]}}],"collection":[{"href":"https:\/\/baroc.cat\/index.php?rest_route=\/wp\/v2\/pages"}],"about":[{"href":"https:\/\/baroc.cat\/index.php?rest_route=\/wp\/v2\/types\/page"}],"author":[{"embeddable":true,"href":"https:\/\/baroc.cat\/index.php?rest_route=\/wp\/v2\/users\/1"}],"replies":[{"embeddable":true,"href":"https:\/\/baroc.cat\/index.php?rest_route=%2Fwp%2Fv2%2Fcomments&post=90"}],"version-history":[{"count":8,"href":"https:\/\/baroc.cat\/index.php?rest_route=\/wp\/v2\/pages\/90\/revisions"}],"predecessor-version":[{"id":103,"href":"https:\/\/baroc.cat\/index.php?rest_route=\/wp\/v2\/pages\/90\/revisions\/103"}],"wp:attachment":[{"href":"https:\/\/baroc.cat\/index.php?rest_route=%2Fwp%2Fv2%2Fmedia&parent=90"}],"curies":[{"name":"wp","href":"https:\/\/api.w.org\/{rel}","templated":true}]}}